{"id":27,"date":"2020-04-23T13:11:00","date_gmt":"2020-04-23T13:11:00","guid":{"rendered":"http:\/\/www.latva-rasku.fi\/oma\/kuka-olen\/"},"modified":"2025-12-18T14:23:36","modified_gmt":"2025-12-18T11:23:36","slug":"kuka-olen","status":"publish","type":"page","link":"https:\/\/www.latva-rasku.fi\/?page_id=27","title":{"rendered":"Kuka olen"},"content":{"rendered":"\n    \n    <section class=\"u-clearfix u-section-2\" id=\"sec-3326\">\n      <div class=\"u-clearfix u-sheet u-sheet-1\">\n        <div class=\"u-clearfix u-gutter-0 u-layout-spacing-vertical u-layout-wrap u-layout-wrap-1\">\n          <div class=\"u-layout\">\n            <div class=\"u-layout-row\">\n              <div class=\"u-align-left u-container-style u-layout-cell u-left-cell u-size-40 u-layout-cell-1\">\n                <div class=\"u-container-layout u-container-layout-1\">\n                  <h4 class=\"u-text u-text-1\">Hei!<br>\n                  <\/h4>\n                  <p class=\"u-text u-text-2\">Olen Tiina Latva-Rasku, Japanin l\u00e4hetysty\u00f6ntekij\u00e4.&nbsp;<br>&nbsp;Japanissa olin l\u00e4hetysty\u00f6ss\u00e4 2008-2013 Japanin ev.lut. kirkon ty\u00f6yhteydess\u00e4 mieheni Mikan kanssa. Asuimme tuolloin Tokiossa.&nbsp;<br>\n                    <br>Vuodesta 2013 l\u00e4htien olen tehnyt Japaniin \nsuuntautuvaa l\u00e4hetysty\u00f6t\u00e4 Suomesta k\u00e4sin, japaninkielell\u00e4 internetin \nkautta. <br>\n                    <br>Internet-l\u00e4hetysty\u00f6 on evankeliumia jakavien sivustojen \nrakentamista, keskustelua, kysymyksiin vastailua, esirukousta ja \npaikalliseen seurakuntayhteyteen rohkaisemista. <br>\n                    <br> Rakennan mm. monikielist\u00e4 sivustoa <a href=\"https:\/\/www.bibletoolbox.net\/fi\">Bible Toolbox<\/a>,\n joka kertoo kristillisen uskon aakkoset kymmenell\u00e4 kielell\u00e4:&nbsp;arabia, \nburma, englanti, japani, ruotsi, persia, suomi, swahili, ven\u00e4j\u00e4 ja viro.&nbsp;<br>\n                    <br>Nimikkoseurakuntiani ovat Euran, Hausj\u00e4rven, \nH\u00e4meenlinna-Vanajan, Ilmajoen, Isojoen, Kauhajoen ja Porvoon suomalainen \nseurakunta ja Tampereen Etel\u00e4inen seurakunta. L\u00e4hetysj\u00e4rjest\u00f6ni on <a href=\"https:\/\/www.sley.fi\/\">Suomen luterilainen evankeliumiyhdistys<\/a>.<br>\n                    <br>T\u00e4rke\u00e4n osan l\u00e4hett\u00e4jist\u00e4ni muodostavat kaikki l\u00e4hettirenkaani j\u00e4senet. Kiitos teille esirukouksistanne ja mahdollisesta taloudellisesta tuestanne!&nbsp;<br>&nbsp;<br>Voit liitty\u00e4 tukirenkaaseeni <a href=\"https:\/\/www.taivaallinenlahja.fi\/tiina-latva-rasku\">t\u00e4\u00e4ll\u00e4<\/a>.&nbsp;&nbsp;<br>\n                    <br>Bible Toolboxin yll\u00e4pitoon ja k\u00e4\u00e4nt\u00e4miseen voit antaa lahjasi&nbsp;&nbsp;<a href=\"https:\/\/www.taivaallinenlahja.fi\/bible-toolbox\">t\u00e4\u00e4ll\u00e4<\/a>.&nbsp;<br>\n                    <br>Voit lahjoittaa ty\u00f6ni hyv\u00e4ksi haluamasi summan Sleyn \nlahjoitustilille <br>FI13 8000 1500 7791 95&nbsp;&nbsp;&nbsp;&nbsp;&nbsp;&nbsp;&nbsp;&nbsp; BIC: \nDABAFIHH <br>- K\u00e4yt\u00e4 henkil\u00f6kohtaista viitenumeroasi, jolloin kannatus n\u00e4kyy automaattisesti my\u00f6s kotiseurakuntasi l\u00e4hetyskannatuksena&nbsp;<br>TAI kirjoita viestikentt\u00e4\u00e4n: Tiina Latva-Raskun rengas + oma kotiseurakuntasi. <br>- Viitenumero- ja osoitteenmuutosasioissa sinua palvelee&nbsp;Anu Laine puh. 044 298 2601 tai s\u00e4hk\u00f6postilla Anulle, jossa osoite on muotoa: etunimi.sukunimi@sley.fi&nbsp; <br>\n                    <br>S\u00e4\u00e4nn\u00f6llisest\u00e4 kuukausilahjoittamisesta saat tietoa <a href=\"https:\/\/www.taivaallinenlahja.fi\/kuukausilahjoittaminen\">t\u00e4\u00e4lt\u00e4<\/a>\n                    <br>tai s\u00e4hk\u00f6postilla Leea Gr\u00f6hnilt\u00e4, jolle s\u00e4hk\u00f6postiosoite on muotoa etunimi.sukunimi@sley.fi tai puh. 044 767 5201<br>\n                    <br>\n                    <span style=\"font-size: 0.875rem;\">___________________<br>Ker\u00e4yslupa: Poliisihallituksen 10.9.2021 my\u00f6nt\u00e4m\u00e4n rahanker\u00e4ysluvan RA\/2021\/1127 mukaisesti Suomen Luterilainen Evankeliumiyhdistys ry voi ker\u00e4t\u00e4 varoja toistaiseksi koko Suomen alueella Ahvenanmaata lukuun ottamatta. Ker\u00e4tyt varat k\u00e4ytet\u00e4\u00e4n vuoden kuluessa ker\u00e4yksest\u00e4 Suomen Luterilaisen Evankeliumiyhdistyksen ty\u00f6h\u00f6n kotimaassa ja ulkomailla.\n                    <\/span>\n                  <\/p>\n                <\/div>\n              <\/div>\n              <div class=\"u-align-left u-container-style u-layout-cell u-right-cell u-size-20 u-layout-cell-2\" src=\"\">\n                <div class=\"u-container-layout u-valign-top u-container-layout-2\">\n                  <img decoding=\"async\" src=\"https:\/\/www.latva-rasku.fi\/oma\/wp-content\/uploads\/2025\/02\/Tiina_Latva_Rasku_kuvaaja_Hannu_Hkmies_pieni.jpg\" alt=\"\" class=\"u-image u-image-default u-image-1\">\n                <\/div>\n              <\/div>\n            <\/div>\n          <\/div>\n        <\/div>\n      <\/div>\n    <\/section>\n    \n    \n  \n","protected":false},"excerpt":{"rendered":"<p>Hei! Olen Tiina Latva-Rasku, Japanin l\u00e4hetysty\u00f6ntekij\u00e4.&nbsp;&nbsp;Japanissa olin l\u00e4hetysty\u00f6ss\u00e4 2008-2013 Japanin ev.lut. kirkon ty\u00f6yhteydess\u00e4 mieheni Mikan kanssa. Asuimme tuolloin Tokiossa.&nbsp; Vuodesta 2013 l\u00e4htien olen tehnyt Japaniin suuntautuvaa l\u00e4hetysty\u00f6t\u00e4 Suomesta k\u00e4sin, japaninkielell\u00e4 internetin kautta. Internet-l\u00e4hetysty\u00f6 on evankeliumia jakavien sivustojen rakentamista, keskustelua, kysymyksiin vastailua, esirukousta ja paikalliseen seurakuntayhteyteen rohkaisemista. Rakennan mm. monikielist\u00e4 sivustoa Bible Toolbox, joka kertoo kristillisen &hellip; <a href=\"https:\/\/www.latva-rasku.fi\/?page_id=27\" class=\"more-link\">Continue reading<span class=\"screen-reader-text\"> &#8220;Kuka olen&#8221;<\/span><\/a><\/p>\n","protected":false},"author":1,"featured_media":0,"parent":0,"menu_order":2,"comment_status":"closed","ping_status":"closed","template":"","meta":{"footnotes":""},"class_list":["post-27","page","type-page","status-publish","hentry"],"_links":{"self":[{"href":"https:\/\/www.latva-rasku.fi\/index.php?rest_route=\/wp\/v2\/pages\/27","targetHints":{"allow":["GET"]}}],"collection":[{"href":"https:\/\/www.latva-rasku.fi\/index.php?rest_route=\/wp\/v2\/pages"}],"about":[{"href":"https:\/\/www.latva-rasku.fi\/index.php?rest_route=\/wp\/v2\/types\/page"}],"author":[{"embeddable":true,"href":"https:\/\/www.latva-rasku.fi\/index.php?rest_route=\/wp\/v2\/users\/1"}],"replies":[{"embeddable":true,"href":"https:\/\/www.latva-rasku.fi\/index.php?rest_route=%2Fwp%2Fv2%2Fcomments&post=27"}],"version-history":[{"count":17,"href":"https:\/\/www.latva-rasku.fi\/index.php?rest_route=\/wp\/v2\/pages\/27\/revisions"}],"predecessor-version":[{"id":569,"href":"https:\/\/www.latva-rasku.fi\/index.php?rest_route=\/wp\/v2\/pages\/27\/revisions\/569"}],"wp:attachment":[{"href":"https:\/\/www.latva-rasku.fi\/index.php?rest_route=%2Fwp%2Fv2%2Fmedia&parent=27"}],"curies":[{"name":"wp","href":"https:\/\/api.w.org\/{rel}","templated":true}]}}