{"id":26,"date":"2020-04-23T13:10:59","date_gmt":"2020-04-23T13:10:59","guid":{"rendered":"http:\/\/www.latva-rasku.fi\/oma\/hyotylinkit\/"},"modified":"2024-02-29T15:23:14","modified_gmt":"2024-02-29T12:23:14","slug":"hyotylinkit","status":"publish","type":"page","link":"https:\/\/www.latva-rasku.fi\/?page_id=26","title":{"rendered":"Hy\u00f6tylinkit"},"content":{"rendered":"\n    \n    <section class=\"u-clearfix u-section-2\" id=\"sec-52a5\">\n      <div class=\"u-clearfix u-sheet u-sheet-1\">\n        <div class=\"u-container-style u-expanded-width u-group u-group-1\">\n          <div class=\"u-container-layout u-container-layout-1\">\n            <p class=\"u-custom-font u-text u-text-palette-3-dark-2 u-text-1\">Japani- ja l\u00e4hetyslinkkej\u00e4<\/p>\n            <div class=\"u-clearfix u-custom-html u-custom-html-1\">\n              <ul>\n                <p>Japanin kieli:<\/p>\n                <li>Japanilaiset tavumerkit: <a href=\"http:\/\/www.japan-guide.com\/e\/e2047.html\" target=\"_top\" rel=\"noopener noreferrer\">hiraganat<\/a>,\njoilla kirjoitetaan japanilaisper\u00e4iset sanat, ja <a href=\"http:\/\/fi.wikipedia.org\/wiki\/Katakana\" target=\"_top\" rel=\"noopener noreferrer\">katakanat<\/a>, joilla kirjoitetaan ei-japanilaisper\u00e4iset sanat. Lis\u00e4ksi japanin kirjoitusj\u00e4rjestelm\u00e4ss\u00e4 k\u00e4ytet\u00e4\u00e4n kanji-nimisi\u00e4 sanamerkkej\u00e4, joita on useita tuhansia. <a href=\"http:\/\/www.thejapanesepage.com\/downloads\/4kyuukanji.pdf\" target=\"_blank\" rel=\"noopener noreferrer\">T\u00e4\u00e4lt\u00e4<\/a> l\u00f6ytyy 103 kanjia, joista opiskelu kannattaa aloittaa.\n                <\/li>\n                <hr>\n                <p>L\u00e4hetysty\u00f6 <\/p>\n                <li>\n                  <a href=\"http:\/\/www.sley.fi\/lahetystyo\/japani\" target=\"_top\" rel=\"noopener noreferrer\">Sleyn  l\u00e4hetysty\u00f6 Japanissa<\/a>\n                <\/li>\n                <li>\n                  <a href=\"https:\/\/www.sley.fi\/toiminta\/lahetystyo\/lahettajana-lahetystyossa\/\" target=\"_top\" rel=\"noopener noreferrer\">L\u00e4hett\u00e4j\u00e4n\u00e4 l\u00e4hetysty\u00f6ss\u00e4<\/a>\n                <\/li>\n                <li>\n                  <a href=\"https:\/\/www.sley.fi\/aiheet\/ajankohtaista\/blogi\/lahetysblogi\/\" target=\"_top\" rel=\"noopener noreferrer\">L\u00e4hetysblogi<\/a> - l\u00e4hetysty\u00f6ntekij\u00f6iden juttuja eri puolilta maailmaa Sleyn kotisivuilla\n                <\/li>\n                <li>\n                  <a href=\"http:\/\/www.latva-rasku.fi\/oma\/wp-content\/uploads\/2020\/04\/internet_evangelism-1.pdf\" target=\"_top\" rel=\"noopener noreferrer\">Internet Evangelism - PowerPoint<\/a> - Musashinossa 22.6.2008 pit\u00e4m\u00e4mme esityksen PowerPoint-diat englanniksi\n                <\/li>\n                <p><\/p>\n                <hr>\n                <p>Joitain Japaniksi tekemi\u00e4mme sivustoja, esim.:<\/p>\n                <li>\n                  <a href=\"http:\/\/bibletoolbox.net\/fi\" target=\"_top\" rel=\"noopener noreferrer\">Bible Toolbox<\/a> - monikielinen Raamattuopetus-sivusto, jonka tekemisess\u00e4 Tiina toimii koordinaattorina. Japaninkieliset k\u00e4\u00e4nn\u00f6kset tekee Ken Takaki. Voit tulostaa ja antaa  japanilaiselle yst\u00e4v\u00e4llesi<a href=\"http:\/\/www.latva-rasku.fi\/oma\/wp-content\/uploads\/2020\/04\/BTB_pikkumainos_jap.pdf\" target=\"_top\" rel=\"noopener noreferrer\"> japaninkielisen pikkulappusen<\/a>, joka mainostaa Bible Toolboxia\n                <\/li>\n                <li>\n                  <a href=\"https:\/\/sites.google.com\/view\/jinseinoimi\/\" target=\"_top\" rel=\"noopener noreferrer\">El\u00e4m\u00e4n tarkoitus<\/a> - evankeliumia jakava sivusto el\u00e4m\u00e4n perimm\u00e4isten kysymysten pohdiskelijalle\n                <\/li>\n                <li>\n                  <a href=\"https:\/\/suomikyoukai.xsrv.jp\/\" target=\"_top\" rel=\"noopener noreferrer\">Lutherin lyhyiden hartaustekstien kokoelma<\/a> - haettavissa raamatunkohdittain ja teemoittain\n                <\/li>\n                <li>\n                  <a href=\"https:\/\/www.suomikyoukai.org\/\" target=\"_top\" rel=\"noopener noreferrer\">Tokion Suomi-kirkon kotisivut<\/a>\n                <\/li>\n                <hr>\n                <p>Raamattu:<\/p>\n                <li>\n                  <a href=\"https:\/\/mediakirjasto.sley.fi\/\" target=\"_top\" rel=\"noopener noreferrer\">Sleyn mediakirjasto<\/a> puheita, saarnoja ja opetuksia \u00e4\u00e4nitiedostoina\n                <\/li>\n                <li>\n                  <a href=\"http:\/\/raamattu.uskonkirjat.net\/\" target=\"_top\" rel=\"noopener noreferrer\">Hae Raamatusta kohtia sanahaulla<\/a>, useita eri k\u00e4\u00e4nn\u00f6ksi\u00e4\n                <\/li>\n                <li>\n                  <a href=\"https:\/\/www.sley.fi\/toiminta\/raamattu-tutuksi\/raamattuluennot\/\" target=\"_top\" rel=\"noopener noreferrer\">Raamattuopetuksia tekstein\u00e4 eri aiheista - Sley<\/a>\n                <\/li>\n                <li>\n                  <a href=\"http:\/\/www.rkk-sansa.net\/raamattu-kannesta-kanteen\/?q=kirjat\" target=\"_top\" rel=\"noopener noreferrer\">Raamattu kannesta kanteen<\/a> -radio-ohjelmat kuunneltavissa netiss\u00e4.\n                <\/li>\n                <li>\n                  <a href=\"http:\/\/www.ilosanomapiiri.fi\/\" target=\"_top\" rel=\"noopener noreferrer\">Ilosanomapiirikysymykset<\/a> - helppo ja syv\u00e4llisiin keskusteluihin viev\u00e4 tapa vet\u00e4\u00e4 Raamattupiiri! Sopii my\u00f6s heille, joilla ei ole juurikaan tietoa Raamatusta\n                <\/li>\n                <hr>\n                <p>Linkkej\u00e4 puheisiimme \u00e4\u00e4nittein\u00e4 <\/p>\n                <li>\n                  <a href=\"https:\/\/open.spotify.com\/episode\/68zlPJ2Z8cMNBevTY5Aig7?si=871hJ1jYStWY1QlstHQ_VQ\" target=\"_blank\" rel=\"noopener noreferrer\">Tiinan haastattelu <\/a>L\u00e4hetyskipin\u00e4-ohjelmassa  2023\n                <\/li>\n                <li>\n                  <a href=\"https:\/\/mediakirjasto.sley.fi\/mediakirjasto\/20840\/japanin-lahettien-tiina-ja-mika-latva-raskun-haastattelu\" target=\"_blank\" rel=\"noopener noreferrer\">Tiinan ja Mikan haastattelu<\/a> Tampereen evankeliumijuhlassa 2013\n                <\/li>\n                <li>\n                  <a href=\"https:\/\/mediakirjasto.sley.fi\/2017\/09\/sanan-sattumia-2\" target=\"_blank\" rel=\"noopener noreferrer\">Tiinan puhe<\/a> Tampereen evankeliumijuhlassa 2017 - \"Sanan sattumia\" - \"Juurtukaa H\u00e4neen\"\n                <\/li>\n                <li>\n                  <a href=\"https:\/\/mediakirjasto.sley.fi\/mediakirjasto\/5072\/tiina-latva-raskun-puhe-tampereen-evankeliumijuhlilla\" target=\"_blank\" rel=\"noopener noreferrer\">Tiinan puhe<\/a> Tampereen evankeliumijuhlassa 2010\n                <\/li>\n                <li>\n                  <a href=\"https:\/\/mediakirjasto.sley.fi\/mediakirjasto\/30556\/juhlien-loppuhartaus\" target=\"_blank\" rel=\"noopener noreferrer\">Mikan loppuhartaus<\/a> Tampereen evankeliumijuhlassa 2015\n                <\/li>\n                <li>\n                  <a href=\"https:\/\/mediakirjasto.sley.fi\/mediakirjasto\/21647\/anna-jeesukselle-mika-hanelle-kuuluu\" target=\"_blank\" rel=\"noopener noreferrer\">Mikan saarna<\/a> Tampereen Luther-talossa 2013\n                <\/li>\n                <li>\n                  <a href=\"https:\/\/mediakirjasto.sley.fi\/mediakirjasto\/5677\/mika-latva-raskun-puhe-japanin-lahetyksen-juhlassa\" target=\"_blank\" rel=\"noopener noreferrer\">Mikan puhe<\/a> Japaninl\u00e4hetyksen juhlassa 2010\n                <\/li>\n                <li>\n                  <a href=\"https:\/\/mediakirjasto.sley.fi\/mediakirjasto\/5071\/mika-latva-raskun-puhe-tampereen-evankeliumijuhlilla\" target=\"_blank\" rel=\"noopener noreferrer\">Mikan puhe<\/a> Tampereen evankeliumijuhlassa 2010\n                <\/li>\n                <p><\/p>\n                <hr>\n                <p>Vainotun seurakunnan auttaminen:<\/p>\n                <li>\n                  <a href=\"https:\/\/opendoors.fi\/osallistu\/\" target=\"_top\" rel=\"noopener noreferrer\">Open Doors<\/a>\n                <\/li>\n                <li>\n                  <a href=\"http:\/\/www.marttyyrienaani.fi\/\" target=\"_top\" rel=\"noopener noreferrer\">Marttyyrien \u00e4\u00e4ni<\/a>\n                <\/li>\n                <li>\n                  <a href=\"http:\/\/www.prisoneralert.com\/\" target=\"_top\" rel=\"noopener noreferrer\">Prisoner Alert<\/a> (engl.)\n                <\/li>\n                <p><\/p>\n              <\/ul>\n            <\/div>\n          <\/div>\n        <\/div>\n      <\/div>\n    <\/section>\n    \n    \n  \n","protected":false},"excerpt":{"rendered":"<p>Japani- ja l\u00e4hetyslinkkej\u00e4 Japanin kieli: Japanilaiset tavumerkit: hiraganat, joilla kirjoitetaan japanilaisper\u00e4iset sanat, ja katakanat, joilla kirjoitetaan ei-japanilaisper\u00e4iset sanat. Lis\u00e4ksi japanin kirjoitusj\u00e4rjestelm\u00e4ss\u00e4 k\u00e4ytet\u00e4\u00e4n kanji-nimisi\u00e4 sanamerkkej\u00e4, joita on useita tuhansia. T\u00e4\u00e4lt\u00e4 l\u00f6ytyy 103 kanjia, joista opiskelu kannattaa aloittaa. L\u00e4hetysty\u00f6 Sleyn l\u00e4hetysty\u00f6 Japanissa L\u00e4hett\u00e4j\u00e4n\u00e4 l\u00e4hetysty\u00f6ss\u00e4 L\u00e4hetysblogi &#8211; l\u00e4hetysty\u00f6ntekij\u00f6iden juttuja eri puolilta maailmaa Sleyn kotisivuilla Internet Evangelism &#8211; PowerPoint &hellip; <a href=\"https:\/\/www.latva-rasku.fi\/?page_id=26\" class=\"more-link\">Continue reading<span class=\"screen-reader-text\"> &#8220;Hy\u00f6tylinkit&#8221;<\/span><\/a><\/p>\n","protected":false},"author":1,"featured_media":0,"parent":0,"menu_order":1,"comment_status":"closed","ping_status":"closed","template":"","meta":{"footnotes":""},"class_list":["post-26","page","type-page","status-publish","hentry"],"_links":{"self":[{"href":"https:\/\/www.latva-rasku.fi\/index.php?rest_route=\/wp\/v2\/pages\/26","targetHints":{"allow":["GET"]}}],"collection":[{"href":"https:\/\/www.latva-rasku.fi\/index.php?rest_route=\/wp\/v2\/pages"}],"about":[{"href":"https:\/\/www.latva-rasku.fi\/index.php?rest_route=\/wp\/v2\/types\/page"}],"author":[{"embeddable":true,"href":"https:\/\/www.latva-rasku.fi\/index.php?rest_route=\/wp\/v2\/users\/1"}],"replies":[{"embeddable":true,"href":"https:\/\/www.latva-rasku.fi\/index.php?rest_route=%2Fwp%2Fv2%2Fcomments&post=26"}],"version-history":[{"count":24,"href":"https:\/\/www.latva-rasku.fi\/index.php?rest_route=\/wp\/v2\/pages\/26\/revisions"}],"predecessor-version":[{"id":496,"href":"https:\/\/www.latva-rasku.fi\/index.php?rest_route=\/wp\/v2\/pages\/26\/revisions\/496"}],"wp:attachment":[{"href":"https:\/\/www.latva-rasku.fi\/index.php?rest_route=%2Fwp%2Fv2%2Fmedia&parent=26"}],"curies":[{"name":"wp","href":"https:\/\/api.w.org\/{rel}","templated":true}]}}